{"id":470,"date":"2017-08-11T09:18:43","date_gmt":"2017-08-11T14:18:43","guid":{"rendered":"http:\/\/soundbreath.com.mx\/soundbreath\/?page_id=470"},"modified":"2026-02-12T11:23:53","modified_gmt":"2026-02-12T17:23:53","slug":"lorraine-krohnengold","status":"publish","type":"page","link":"https:\/\/soundbreath.com.mx\/soundbreath\/facilitadoras\/lorraine-krohnengold\/","title":{"rendered":"Lorraine Krohnengold"},"content":{"rendered":"<!--themify_builder_content-->\n<div id=\"themify_builder_content-470\" data-postid=\"470\" class=\"themify_builder_content themify_builder_content-470 themify_builder tf_clear\">\n                    <div  data-lazy=\"1\" class=\"module_row themify_builder_row tb_0a4f17b tb_first tf_w\">\n                        <div class=\"row_inner col_align_top tb_col_count_1 tf_box tf_rel\">\n                        <div  data-lazy=\"1\" class=\"module_column tb-column col-full tb_3aa3777 first\">\n                            <div  data-lazy=\"1\" class=\"module_subrow themify_builder_sub_row tf_w col_align_top tb_col_count_2 tb_e103ded\">\n                <div  data-lazy=\"1\" class=\"module_column sub_column col4-1 tb_bb96885 first\">\n                    <!-- module image -->\n<div  class=\"module module-image tb_1fc2c28 image-center   tf_mw\" data-lazy=\"1\">\n        <div class=\"image-wrap tf_rel tf_mw\">\n            <img loading=\"lazy\" decoding=\"async\" src=\"http:\/\/soundbreath.com.mx\/soundbreath\/wp-content\/uploads\/2017\/08\/LORRAINE.png\" width=\"190\" height=\"189\" title=\"Lorraine Krohnengold\" alt=\"Lorraine Krohnengold\">    \n        <\/div>\n    <!-- \/image-wrap -->\n    \n        <\/div>\n<!-- \/module image -->        <\/div>\n                    <div  data-lazy=\"1\" class=\"module_column sub_column col4-3 tb_5b14ee1 last\">\n                    <!-- module text -->\n<div  class=\"module module-text tb_fc6ee08   \" data-lazy=\"1\">\n        <div  class=\"tb_text_wrap\">\n        <h3>Lorraine Krohnengold<\/h3>\n<h3><span style=\"color: #0000ff;\"><a style=\"color: #0000ff;\" href=\"http:\/\/www.masajeescuela.com\" target=\"_blank\" rel=\"noopener\"><strong>www.masajeescuela.com<\/strong><\/a><\/span><\/h3>\n<h4>FACILITADORA CERTIFICADA DEL SOUNDBREATH A PARTIR DE OCTUBRE 2011.<\/h4>\n<p><em>\u201cEl haber descubierto el Soundbreath y poder recurrir a \u00e9l en lo cotidiano, ha aportado una nueva dimensi\u00f3n a mi vida, d\u00e1ndome una mejor condici\u00f3n f\u00edsica y paz mental y espiritual que me ha motivado a transmitir y difundir esta maravillosa t\u00e9cnica.\u201d<\/em><\/p>\n<p><strong>Formaci\u00f3n:<\/strong><br><a id=\"veronica\" name=\"veronica\"><\/a>Psicolog\u00eda Freudiana, Lacaneana, Kleiniana, Hipn\u00f3sis Ericksoniana<br>Gec I y Gec II del Pathwork con Patricia Edelen.<br>Diplomado en Osteopat\u00eda en Cuernavaca, Morelos<br>Entrenamiento Soundbreath<br>Educaci\u00f3n Cont\u00ednua y Talleres Grupales del Soundbreath<\/p>\n<p><strong>Experiencia:<\/strong><\/p>\n<p>Trabaj\u00f3, tom\u00f3 y dio cursos en Mazunte, Oaxaca desde 2017 hasta 2025<br>Diplomado en Quiromasaje (Masaje tradicional mexicano), Masaje Psicoterap\u00e9utico, Masaje Profundo, Masaje Aromaterap\u00e9utico, Masaje Miofascial, Masaje facial japon\u00e9s,<br>Balance Cero, Polaridad, Masaje Tailand\u00e9s, Terapia Craneosacral, Masaje Sensorial de Fascias de Danis Bois y Pr\u00e1cticas de osteopat\u00eda avanzada<br>Cursos de Nivel 1 y 2 de Biomagnetismo<br>Respiraci\u00f3n de serotonina con extasis de fuego interno (Base del M\u00e9todo Win Hof)<\/p>\n<p>Actualmente ofrece talleres de Masaje Osteop\u00e1ticos (masajes profundos, osteop\u00e1ticos y aromaterape\u00faticos), Sesiones de respiraci\u00f3n de serotonina e inmersi\u00f3n en hielo, y sesiones de SoundBreath en Tepoztl\u00e1n, Morelos.<\/p>\n<h3>Testimonios<\/h3>\n<p>\u00ab<em>Lorraine es una autentica sanadora, gu\u00eda y facilitadora en al \u00e1mbito del bienestar. Estudi\u00e9 con ella y aprend\u00ed tanto de ella y sus \u201cartes sanadoras\u201d. Varias veces he participado en sus trabajos de respiraci\u00f3n e inmersi\u00f3n en hielo que han sido de un gran beneficio para mi bienestar. Lorraine es un ser humano muy genuino, llena de energ\u00eda positiva que desparrama luz a su alrededor. Gracias<\/em><em>\u00ab<\/em><\/p>\n<p style=\"text-align: right;\">Ashley, Masajista Texas<\/p>\n<p>\u00ab<em>Tuve el privilegio de tomar un curso de masaje con Lorraine, lo cual ha sido una gran experiencia que ha transformado mi practica de masaje. Bajo su experta tutela y gu\u00eda, aprend\u00ed a establecer un protocolo completo, mejorar mis t\u00e9cnicas de masaje, y pude mejorar considerablemente el manejo de mi energ\u00eda durante mis sesiones. Su instrucci\u00f3n ha elevado mi pr\u00e1ctica a otro nivel y la recomiendo ampliamente. Su \u201cexpertise\u201d y dedicaci\u00f3n son realmente excepcionales y le estoy profundamente agradecido<\/em><em>\u00ab<\/em><\/p>\n<p style=\"text-align: right;\">Adrian, Masajista Puerto Escondido<\/p>    <\/div>\n<\/div>\n<!-- \/module text -->        <\/div>\n                    <\/div>\n                <\/div>\n                        <\/div>\n        <\/div>\n        <\/div>\n<!--\/themify_builder_content-->","protected":false},"excerpt":{"rendered":"<p>Lorraine Krohnengold www.masajeescuela.com FACILITADORA CERTIFICADA DEL SOUNDBREATH A PARTIR DE OCTUBRE 2011. \u201cEl haber descubierto el Soundbreath y poder recurrir a \u00e9l en lo cotidiano, ha aportado una nueva dimensi\u00f3n a mi vida, d\u00e1ndome una mejor condici\u00f3n f\u00edsica y paz mental y espiritual que me ha motivado a transmitir y difundir esta maravillosa t\u00e9cnica.\u201d Formaci\u00f3n:Psicolog\u00eda [&hellip;]<\/p>\n","protected":false},"author":1,"featured_media":0,"parent":146,"menu_order":0,"comment_status":"closed","ping_status":"closed","template":"","meta":{"footnotes":""},"class_list":["post-470","page","type-page","status-publish","hentry","has-post-title","has-post-date","has-post-category","has-post-tag","has-post-comment","has-post-author",""],"jetpack_shortlink":"https:\/\/wp.me\/P5NbE4-7A","jetpack_sharing_enabled":true,"builder_content":"<img src=\"http:\/\/soundbreath.com.mx\/soundbreath\/wp-content\/uploads\/2017\/08\/LORRAINE.png\" width=\"190\" height=\"189\" title=\"Lorraine Krohnengold\" alt=\"Lorraine Krohnengold\">\n<h3>Lorraine Krohnengold<\/h3> <h3><a style=\"color: #0000ff;\" href=\"http:\/\/www.masajeescuela.com\" target=\"_blank\" rel=\"noopener\"><strong>www.masajeescuela.com<\/strong><\/a><\/h3> <h4>FACILITADORA CERTIFICADA DEL SOUNDBREATH A PARTIR DE OCTUBRE 2011.<\/h4> <p><em>\u201cEl haber descubierto el Soundbreath y poder recurrir a \u00e9l en lo cotidiano, ha aportado una nueva dimensi\u00f3n a mi vida, d\u00e1ndome una mejor condici\u00f3n f\u00edsica y paz mental y espiritual que me ha motivado a transmitir y difundir esta maravillosa t\u00e9cnica.\u201d<\/em><\/p> <p><strong>Formaci\u00f3n:<\/strong><br><a id=\"veronica\" name=\"veronica\"><\/a>Psicolog\u00eda Freudiana, Lacaneana, Kleiniana, Hipn\u00f3sis Ericksoniana<br>Gec I y Gec II del Pathwork con Patricia Edelen.<br>Diplomado en Osteopat\u00eda en Cuernavaca, Morelos<br>Entrenamiento Soundbreath<br>Educaci\u00f3n Cont\u00ednua y Talleres Grupales del Soundbreath<\/p> <p><strong>Experiencia:<\/strong><\/p> <p>Trabaj\u00f3, tom\u00f3 y dio cursos en Mazunte, Oaxaca desde 2017 hasta 2025<br>Diplomado en Quiromasaje (Masaje tradicional mexicano), Masaje Psicoterap\u00e9utico, Masaje Profundo, Masaje Aromaterap\u00e9utico, Masaje Miofascial, Masaje facial japon\u00e9s,<br>Balance Cero, Polaridad, Masaje Tailand\u00e9s, Terapia Craneosacral, Masaje Sensorial de Fascias de Danis Bois y Pr\u00e1cticas de osteopat\u00eda avanzada<br>Cursos de Nivel 1 y 2 de Biomagnetismo<br>Respiraci\u00f3n de serotonina con extasis de fuego interno (Base del M\u00e9todo Win Hof)<\/p> <p>Actualmente ofrece talleres de Masaje Osteop\u00e1ticos (masajes profundos, osteop\u00e1ticos y aromaterape\u00faticos), Sesiones de respiraci\u00f3n de serotonina e inmersi\u00f3n en hielo, y sesiones de SoundBreath en Tepoztl\u00e1n, Morelos.<\/p> <h3>Testimonios<\/h3> <p>\"<em>Lorraine es una autentica sanadora, gu\u00eda y facilitadora en al \u00e1mbito del bienestar. Estudi\u00e9 con ella y aprend\u00ed tanto de ella y sus \u201cartes sanadoras\u201d. Varias veces he participado en sus trabajos de respiraci\u00f3n e inmersi\u00f3n en hielo que han sido de un gran beneficio para mi bienestar. Lorraine es un ser humano muy genuino, llena de energ\u00eda positiva que desparrama luz a su alrededor. Gracias<\/em><em>\"<\/em><\/p> <p style=\"text-align: right;\">Ashley, Masajista Texas<\/p> <p>\"<em>Tuve el privilegio de tomar un curso de masaje con Lorraine, lo cual ha sido una gran experiencia que ha transformado mi practica de masaje. Bajo su experta tutela y gu\u00eda, aprend\u00ed a establecer un protocolo completo, mejorar mis t\u00e9cnicas de masaje, y pude mejorar considerablemente el manejo de mi energ\u00eda durante mis sesiones. Su instrucci\u00f3n ha elevado mi pr\u00e1ctica a otro nivel y la recomiendo ampliamente. Su \u201cexpertise\u201d y dedicaci\u00f3n son realmente excepcionales y le estoy profundamente agradecido<\/em><em>\"<\/em><\/p> <p style=\"text-align: right;\">Adrian, Masajista Puerto Escondido<\/p>","_links":{"self":[{"href":"https:\/\/soundbreath.com.mx\/soundbreath\/wp-json\/wp\/v2\/pages\/470","targetHints":{"allow":["GET"]}}],"collection":[{"href":"https:\/\/soundbreath.com.mx\/soundbreath\/wp-json\/wp\/v2\/pages"}],"about":[{"href":"https:\/\/soundbreath.com.mx\/soundbreath\/wp-json\/wp\/v2\/types\/page"}],"author":[{"embeddable":true,"href":"https:\/\/soundbreath.com.mx\/soundbreath\/wp-json\/wp\/v2\/users\/1"}],"replies":[{"embeddable":true,"href":"https:\/\/soundbreath.com.mx\/soundbreath\/wp-json\/wp\/v2\/comments?post=470"}],"version-history":[{"count":18,"href":"https:\/\/soundbreath.com.mx\/soundbreath\/wp-json\/wp\/v2\/pages\/470\/revisions"}],"predecessor-version":[{"id":722,"href":"https:\/\/soundbreath.com.mx\/soundbreath\/wp-json\/wp\/v2\/pages\/470\/revisions\/722"}],"up":[{"embeddable":true,"href":"https:\/\/soundbreath.com.mx\/soundbreath\/wp-json\/wp\/v2\/pages\/146"}],"wp:attachment":[{"href":"https:\/\/soundbreath.com.mx\/soundbreath\/wp-json\/wp\/v2\/media?parent=470"}],"curies":[{"name":"wp","href":"https:\/\/api.w.org\/{rel}","templated":true}]}}