{"id":423,"date":"2017-08-04T10:32:16","date_gmt":"2017-08-04T15:32:16","guid":{"rendered":"http:\/\/soundbreath.com.mx\/soundbreath\/?page_id=423"},"modified":"2026-02-12T11:27:13","modified_gmt":"2026-02-12T17:27:13","slug":"beneficios","status":"publish","type":"page","link":"https:\/\/soundbreath.com.mx\/soundbreath\/beneficios\/","title":{"rendered":"Beneficios"},"content":{"rendered":"<!--themify_builder_content-->\n<div id=\"themify_builder_content-423\" data-postid=\"423\" class=\"themify_builder_content themify_builder_content-423 themify_builder tf_clear\">\n                    <div  data-lazy=\"1\" class=\"module_row themify_builder_row tb_uj8z000 tb_first tf_w\">\n                        <div class=\"row_inner col_align_top tb_col_count_1 tf_box tf_rel\">\n                        <div  data-lazy=\"1\" class=\"module_column tb-column col-full tb_ekl7005 first\">\n                    <!-- module text -->\n<div  class=\"module module-text tb_gmm0224   \" data-lazy=\"1\">\n        <div  class=\"tb_text_wrap\">\n        <h2 style=\"text-align: center;\">Beneficios Generales<\/h2><h3 style=\"text-align: center;\"><strong>Nivel F\u00edsico: Oxigenaci\u00f3n corporal<\/strong><\/h3><ul><li><strong>Abre y libera patrones de respiraci\u00f3n restringidos<\/strong><\/li><li><strong>Crea mayor conciencia del cuerpo<\/strong><\/li><li><strong>Logra respiraciones profundas y completas para la completa oxigenaci\u00f3n del cuerpo a nivel celular<\/strong><\/li><li><strong>Permite mayor capacidad respiratoria<\/strong><\/li><li><strong>Fortalece los sistemas del cuerpo:\u00a0<\/strong><strong>Respiratorio, Cardiovascular, Nervioso, Digestivo e Inmune<\/strong><\/li><li><strong>Revierte el proceso de envejecimiento con la oxigenaci\u00f3n de las c\u00e9lulas<\/strong><\/li><li><strong>Se liberan endorfinas y otros beneficios qu\u00edmicos en el torrente sangu\u00edneo produciendo m\u00e1s gozo y mayor bienestar en general<\/strong><\/li><\/ul><h3 style=\"text-align: center;\"><strong>Nivel Emocional: Liberaci\u00f3n emocional<\/strong><\/h3><ul><li><strong>Permite sanar traumas de nacimiento, de la infancia o de la vida, asuntos con los padres de origen o con la autoridad<\/strong><\/li><li><strong>Libera la mente subconsciente de emociones reprimidas (enojo, miedo, ansiedad, resentimiento, culpa y tristeza)<\/strong><\/li><li><strong>Suelta otros traumas almacenadas en el subconsciente<\/strong><\/li><li><strong>Existe un mayor equilibrio y control emocional<\/strong><\/li><li><strong>Atraviesa los miedos, terrores nocturnos de una manera no amenazante<\/strong><\/li><li><strong>Aumento en el desempe\u00f1o imaginativo y creativo<\/strong><\/li><li><strong>Limpia y refresca nuestro centro energ\u00e9tico de la garganta, centro energ\u00e9tico de la expresi\u00f3n y la comunicaci\u00f3n<\/strong><\/li><\/ul><h3 style=\"text-align: center;\"><strong>Nivel Mental: Capacidad cerebral<\/strong><\/h3><ul><li><strong>Aumenta los niveles de oxigeno que fluyen hacia el cerebro<\/strong><\/li><li><strong>Maximiza la atenci\u00f3n con mayor claridad mental<\/strong><\/li><li><strong>Se oxigena el cerebro logrando mayor capacidad de funcionamiento, claridad mental, concentraci\u00f3n y enfoque<\/strong><\/li><li><strong>Calma y aquieta la mente<\/strong><\/li><li><strong>Permite entrar en estados de atenci\u00f3n plena<\/strong><\/li><li><strong>Acelera el proceso psicoterap\u00e9utico y de sanaci\u00f3n<\/strong><\/li><\/ul><h3 style=\"text-align: center;\"><strong>Nivel Espiritual:\u00a0<\/strong><strong>Descubrimiento y aplicaci\u00f3n del sonido propio, la vibraci\u00f3n<\/strong><\/h3><ul><li><strong>Relaja el sistema nervioso, alivia tensi\u00f3n emocional y ansiedad mental<\/strong><\/li><li><strong>Crea una sensaci\u00f3n de protecci\u00f3n y confort emocional<\/strong><\/li><li><strong>Logra conciliar el sue\u00f1o y sana nuestros cuerpos<\/strong><\/li><li><strong>Forma efectiva de comunicarnos con nosotros mismos, de estar presentes y vivir con mayor alegr\u00eda y vitalidad<\/strong><\/li><li><strong><strong>Apoya la profundizaci\u00f3n de los estados meditativos<br \/><br \/><\/strong><\/strong><h2 style=\"text-align: center;\">Beneficios Particulares<\/h2><\/li><li><strong>Suelta ansiedad y estr\u00e9s ( La ansiedad desencadena el estr\u00e9s(respuesta del cuerpo ante aumento de niveles de tensi\u00f3n y est\u00edmulo o situaciones) no canalizado, acumulado y reprimido)<\/strong><\/li><li><strong>Se liberan los pensamientos negativos que disparan la ansiedad<\/strong><\/li><li><strong>Se sueltan emociones como el miedo excesivo, angustia e inquietud excesiva<\/strong><\/li><li><strong>Eliminan sensaciones f\u00edsicas inc\u00f3modas como respiraci\u00f3n agitada, palpitaciones o taquicardias, sudoraci\u00f3n, temblores en las manos, manos fr\u00edas, sequedad en la boca, mareos, etc.<\/strong><\/li><\/ul>    <\/div>\n<\/div>\n<!-- \/module text -->        <\/div>\n                        <\/div>\n        <\/div>\n        <\/div>\n<!--\/themify_builder_content-->","protected":false},"excerpt":{"rendered":"<p>Beneficios Generales Nivel F\u00edsico: Oxigenaci\u00f3n corporal Abre y libera patrones de respiraci\u00f3n restringidos Crea mayor conciencia del cuerpo Logra respiraciones profundas y completas para la completa oxigenaci\u00f3n del cuerpo a nivel celular Permite mayor capacidad respiratoria Fortalece los sistemas del cuerpo:\u00a0Respiratorio, Cardiovascular, Nervioso, Digestivo e Inmune Revierte el proceso de envejecimiento con la oxigenaci\u00f3n de [&hellip;]<\/p>\n","protected":false},"author":1,"featured_media":0,"parent":0,"menu_order":0,"comment_status":"closed","ping_status":"closed","template":"","meta":{"footnotes":""},"class_list":["post-423","page","type-page","status-publish","hentry","has-post-title","has-post-date","has-post-category","has-post-tag","has-post-comment","has-post-author",""],"jetpack_shortlink":"https:\/\/wp.me\/P5NbE4-6P","jetpack_sharing_enabled":true,"builder_content":"<h2 style=\"text-align: center;\">Beneficios Generales<\/h2><h3 style=\"text-align: center;\"><strong>Nivel F\u00edsico: Oxigenaci\u00f3n corporal<\/strong><\/h3><ul><li><strong>Abre y libera patrones de respiraci\u00f3n restringidos<\/strong><\/li><li><strong>Crea mayor conciencia del cuerpo<\/strong><\/li><li><strong>Logra respiraciones profundas y completas para la completa oxigenaci\u00f3n del cuerpo a nivel celular<\/strong><\/li><li><strong>Permite mayor capacidad respiratoria<\/strong><\/li><li><strong>Fortalece los sistemas del cuerpo:\u00a0<\/strong><strong>Respiratorio, Cardiovascular, Nervioso, Digestivo e Inmune<\/strong><\/li><li><strong>Revierte el proceso de envejecimiento con la oxigenaci\u00f3n de las c\u00e9lulas<\/strong><\/li><li><strong>Se liberan endorfinas y otros beneficios qu\u00edmicos en el torrente sangu\u00edneo produciendo m\u00e1s gozo y mayor bienestar en general<\/strong><\/li><\/ul><h3 style=\"text-align: center;\"><strong>Nivel Emocional: Liberaci\u00f3n emocional<\/strong><\/h3><ul><li><strong>Permite sanar traumas de nacimiento, de la infancia o de la vida, asuntos con los padres de origen o con la autoridad<\/strong><\/li><li><strong>Libera la mente subconsciente de emociones reprimidas (enojo, miedo, ansiedad, resentimiento, culpa y tristeza)<\/strong><\/li><li><strong>Suelta otros traumas almacenadas en el subconsciente<\/strong><\/li><li><strong>Existe un mayor equilibrio y control emocional<\/strong><\/li><li><strong>Atraviesa los miedos, terrores nocturnos de una manera no amenazante<\/strong><\/li><li><strong>Aumento en el desempe\u00f1o imaginativo y creativo<\/strong><\/li><li><strong>Limpia y refresca nuestro centro energ\u00e9tico de la garganta, centro energ\u00e9tico de la expresi\u00f3n y la comunicaci\u00f3n<\/strong><\/li><\/ul><h3 style=\"text-align: center;\"><strong>Nivel Mental: Capacidad cerebral<\/strong><\/h3><ul><li><strong>Aumenta los niveles de oxigeno que fluyen hacia el cerebro<\/strong><\/li><li><strong>Maximiza la atenci\u00f3n con mayor claridad mental<\/strong><\/li><li><strong>Se oxigena el cerebro logrando mayor capacidad de funcionamiento, claridad mental, concentraci\u00f3n y enfoque<\/strong><\/li><li><strong>Calma y aquieta la mente<\/strong><\/li><li><strong>Permite entrar en estados de atenci\u00f3n plena<\/strong><\/li><li><strong>Acelera el proceso psicoterap\u00e9utico y de sanaci\u00f3n<\/strong><\/li><\/ul><h3 style=\"text-align: center;\"><strong>Nivel Espiritual:\u00a0<\/strong><strong>Descubrimiento y aplicaci\u00f3n del sonido propio, la vibraci\u00f3n<\/strong><\/h3><ul><li><strong>Relaja el sistema nervioso, alivia tensi\u00f3n emocional y ansiedad mental<\/strong><\/li><li><strong>Crea una sensaci\u00f3n de protecci\u00f3n y confort emocional<\/strong><\/li><li><strong>Logra conciliar el sue\u00f1o y sana nuestros cuerpos<\/strong><\/li><li><strong>Forma efectiva de comunicarnos con nosotros mismos, de estar presentes y vivir con mayor alegr\u00eda y vitalidad<\/strong><\/li><li><strong><strong>Apoya la profundizaci\u00f3n de los estados meditativos<br \/><br \/><\/strong><\/strong><h2 style=\"text-align: center;\">Beneficios Particulares<\/h2><\/li><li><strong>Suelta ansiedad y estr\u00e9s ( La ansiedad desencadena el estr\u00e9s(respuesta del cuerpo ante aumento de niveles de tensi\u00f3n y est\u00edmulo o situaciones) no canalizado, acumulado y reprimido)<\/strong><\/li><li><strong>Se liberan los pensamientos negativos que disparan la ansiedad<\/strong><\/li><li><strong>Se sueltan emociones como el miedo excesivo, angustia e inquietud excesiva<\/strong><\/li><li><strong>Eliminan sensaciones f\u00edsicas inc\u00f3modas como respiraci\u00f3n agitada, palpitaciones o taquicardias, sudoraci\u00f3n, temblores en las manos, manos fr\u00edas, sequedad en la boca, mareos, etc.<\/strong><\/li><\/ul>","_links":{"self":[{"href":"https:\/\/soundbreath.com.mx\/soundbreath\/wp-json\/wp\/v2\/pages\/423","targetHints":{"allow":["GET"]}}],"collection":[{"href":"https:\/\/soundbreath.com.mx\/soundbreath\/wp-json\/wp\/v2\/pages"}],"about":[{"href":"https:\/\/soundbreath.com.mx\/soundbreath\/wp-json\/wp\/v2\/types\/page"}],"author":[{"embeddable":true,"href":"https:\/\/soundbreath.com.mx\/soundbreath\/wp-json\/wp\/v2\/users\/1"}],"replies":[{"embeddable":true,"href":"https:\/\/soundbreath.com.mx\/soundbreath\/wp-json\/wp\/v2\/comments?post=423"}],"version-history":[{"count":3,"href":"https:\/\/soundbreath.com.mx\/soundbreath\/wp-json\/wp\/v2\/pages\/423\/revisions"}],"predecessor-version":[{"id":732,"href":"https:\/\/soundbreath.com.mx\/soundbreath\/wp-json\/wp\/v2\/pages\/423\/revisions\/732"}],"wp:attachment":[{"href":"https:\/\/soundbreath.com.mx\/soundbreath\/wp-json\/wp\/v2\/media?parent=423"}],"curies":[{"name":"wp","href":"https:\/\/api.w.org\/{rel}","templated":true}]}}