{"id":290,"date":"2017-07-12T14:22:43","date_gmt":"2017-07-12T19:22:43","guid":{"rendered":"http:\/\/soundbreath.com.mx\/soundbreath\/?page_id=290"},"modified":"2026-01-31T14:04:49","modified_gmt":"2026-01-31T20:04:49","slug":"principal","status":"publish","type":"page","link":"https:\/\/soundbreath.com.mx\/soundbreath\/","title":{"rendered":"Principal"},"content":{"rendered":"<!--themify_builder_content-->\n<div id=\"themify_builder_content-290\" data-postid=\"290\" class=\"themify_builder_content themify_builder_content-290 themify_builder tf_clear\">\n                    <div  data-css_id=\"cp6o708\" data-lazy=\"1\" class=\"module_row themify_builder_row fullwidth tb_cp6o708 tb_first tf_w wow\" data-tf-animation=\"fadeIn\">\n                        <span class=\"tf_hide row-slider tb_slider tf_abs\" data-bgmode=\"fullcover\" data-sliderspeed=\"2000\">\n                <span class=\"tf_abs row-slider-slides tf_w tf_hidden tf_clearfix\">\n                                <span data-bg=\"https:\/\/soundbreath.com.mx\/soundbreath\/wp-content\/uploads\/2017\/08\/59895_473586347914_613607914_6583075_7360107_n.jpg\">\n                        <a href=\"javascript:;\" rel=\"nofollow\" class=\"row-slider-dot\" data-index=\"0\"><span class=\"screen-reader-text\">&bull;<\/span><\/a>\n                    <\/span>\n                                <\/span>\n                <span class=\"row-slider-nav tf_abs_t tf_w\">\n                    <a href=\"javascript:;\" rel=\"nofollow\" class=\"row-slider-arrow row-slider-prev tf_hidden tf_abs_t\"><span class=\"screen-reader-text\">&larr;<\/span><\/a>\n                    <a href=\"javascript:;\" rel=\"nofollow\" class=\"row-slider-arrow row-slider-next tf_hidden tf_abs_t\"><span class=\"screen-reader-text\">&rarr;<\/span><\/a>\n                <\/span>\n            <\/span>\n                        <div class=\"row_inner col_align_top tb_col_count_1 tf_box tf_rel\">\n                        <div  data-lazy=\"1\" class=\"module_column tb-column col-full tb_rm9j709 first\">\n                    <!-- module text -->\n<div  class=\"module module-text tb_2oi3709    wow\" data-tf-animation=\"slideInLeft\" data-lazy=\"1\">\n        <div  class=\"tb_text_wrap\">\n        <h2 style=\"text-align: center;\">M\u00e9todo Soundbreath 100% eficaz<\/h2>\n<h5 style=\"text-align: center;\"><strong>para alcanzar el bienestar de tu cuerpo<\/strong><br><strong>f\u00edsico, emocional, mental y espiritual<\/strong><\/h5>\n<h5 style=\"text-align: center;\"><strong><br>Resuelve las causas ra\u00edz de \u201ctragarte las emociones\u201d<\/strong><br><strong>y la falta de auto-cuidado<\/strong><br><strong>Atraviesa tu trauma inconsciente de nacimiento<\/strong><br><strong>de una manera benigna y amorosa<\/strong><\/h5>    <\/div>\n<\/div>\n<!-- \/module text -->        <\/div>\n                        <\/div>\n        <\/div>\n                        <div  data-parallax-bg=\"desktop\" data-css_id=\"mjin416\" data-lazy=\"1\" class=\"module_row themify_builder_row fullheight fullwidth tb_mjin416 tf_w\">\n                        <div class=\"row_inner col_align_top tb_col_count_1 tf_box tf_rel\">\n                        <div  data-lazy=\"1\" class=\"module_column tb-column col-full tb_od6f416 first\">\n                    <!-- module text -->\n<div  class=\"module module-text tb_qb9t416   \" data-lazy=\"1\">\n        <div  class=\"tb_text_wrap\">\n        <h2 style=\"text-align: center;\">Fundadora<\/h2>    <\/div>\n<\/div>\n<!-- \/module text --><!-- module text -->\n<div  class=\"module module-text tb_bhtt636   \" data-lazy=\"1\">\n        <div  class=\"tb_text_wrap\">\n        <p><a href=\"https:\/\/soundbreath.com.mx\/soundbreath\/fundadora\/\"><img loading=\"lazy\" decoding=\"async\" class=\"aligncenter wp-image-624 size-medium\" src=\"https:\/\/soundbreath.com.mx\/soundbreath\/wp-content\/uploads\/2025\/11\/trish-300x300.png\" alt=\"\" width=\"300\" height=\"300\" srcset=\"https:\/\/soundbreath.com.mx\/soundbreath\/wp-content\/uploads\/2025\/11\/trish-300x300.png 300w, https:\/\/soundbreath.com.mx\/soundbreath\/wp-content\/uploads\/2025\/11\/trish-150x150.png 150w, https:\/\/soundbreath.com.mx\/soundbreath\/wp-content\/uploads\/2025\/11\/trish.png 596w\" sizes=\"auto, (max-width: 300px) 100vw, 300px\" \/><\/a><br><a href=\"https:\/\/soundbreath.com.mx\/soundbreath\/fundadora\/\">Patricia Edelen<\/a><\/p>    <\/div>\n<\/div>\n<!-- \/module text --><!-- module text -->\n<div  class=\"module module-text tb_jipo831   \" data-lazy=\"1\">\n        <div  class=\"tb_text_wrap\">\n        <h2 style=\"text-align: center;\">Co-Fundadoras<\/h2>    <\/div>\n<\/div>\n<!-- \/module text -->        <div  data-lazy=\"1\" class=\"module_subrow themify_builder_sub_row tf_w col_align_top tb_col_count_3 tb_z508416\">\n                <div  data-lazy=\"1\" class=\"module_column sub_column col3-1 tb_sw6l416 first\">\n                    <!-- module text -->\n<div  class=\"module module-text tb_shvo416   \" data-lazy=\"1\">\n        <div  class=\"tb_text_wrap\">\n        <p style=\"text-align: center;\"><a href=\"http:\/\/soundbreath.com.mx\/soundbreath\/facilitadoras\/lorna-blackmore\/\"><img loading=\"lazy\" decoding=\"async\" class=\"size-full wp-image-430 aligncenter\" src=\"http:\/\/soundbreath.com.mx\/soundbreath\/wp-content\/uploads\/2017\/08\/LORNA.png\" alt=\"\" width=\"187\" height=\"187\" srcset=\"https:\/\/soundbreath.com.mx\/soundbreath\/wp-content\/uploads\/2017\/08\/LORNA.png 187w, https:\/\/soundbreath.com.mx\/soundbreath\/wp-content\/uploads\/2017\/08\/LORNA-150x150.png 150w\" sizes=\"auto, (max-width: 187px) 100vw, 187px\" \/>Lorna Blackmore<\/a><\/p>    <\/div>\n<\/div>\n<!-- \/module text -->        <\/div>\n                    <div  data-lazy=\"1\" class=\"module_column sub_column col3-1 tb_cjsa416\">\n                    <!-- module text -->\n<div  class=\"module module-text tb_0avi416   \" data-lazy=\"1\">\n        <div  class=\"tb_text_wrap\">\n        <p style=\"text-align: center;\"><a href=\"http:\/\/soundbreath.com.mx\/soundbreath\/facilitadoras\/carmen-uruz\/\"><img loading=\"lazy\" decoding=\"async\" class=\"size-full wp-image-432 aligncenter\" src=\"http:\/\/soundbreath.com.mx\/soundbreath\/wp-content\/uploads\/2017\/08\/CARMEN.png\" alt=\"\" width=\"188\" height=\"188\" srcset=\"https:\/\/soundbreath.com.mx\/soundbreath\/wp-content\/uploads\/2017\/08\/CARMEN.png 188w, https:\/\/soundbreath.com.mx\/soundbreath\/wp-content\/uploads\/2017\/08\/CARMEN-150x150.png 150w\" sizes=\"auto, (max-width: 188px) 100vw, 188px\" \/>Carmen Uruz<\/a><\/p>    <\/div>\n<\/div>\n<!-- \/module text -->        <\/div>\n                    <div  data-lazy=\"1\" class=\"module_column sub_column col3-1 tb_yxmk416 last\">\n                    <!-- module text -->\n<div  class=\"module module-text tb_0gu9416   \" data-lazy=\"1\">\n        <div  class=\"tb_text_wrap\">\n        <p style=\"text-align: center;\"><a href=\"http:\/\/soundbreath.com.mx\/soundbreath\/facilitadoras\/lorraine-krohnengold\/\"><img loading=\"lazy\" decoding=\"async\" class=\"size-full wp-image-427 aligncenter\" src=\"http:\/\/soundbreath.com.mx\/soundbreath\/wp-content\/uploads\/2017\/08\/LORRAINE.png\" alt=\"\" width=\"190\" height=\"189\" srcset=\"https:\/\/soundbreath.com.mx\/soundbreath\/wp-content\/uploads\/2017\/08\/LORRAINE.png 190w, https:\/\/soundbreath.com.mx\/soundbreath\/wp-content\/uploads\/2017\/08\/LORRAINE-150x150.png 150w\" sizes=\"auto, (max-width: 190px) 100vw, 190px\" \/>Lorraine Krohnengold<\/a><\/p>    <\/div>\n<\/div>\n<!-- \/module text -->        <\/div>\n                    <\/div>\n                <div  data-lazy=\"1\" class=\"module_subrow themify_builder_sub_row tf_w col_align_top tb_col_count_3 tb_ezbr416\">\n                <div  data-lazy=\"1\" class=\"module_column sub_column col3-1 tb_i1e9416 first\">\n                    <!-- module text -->\n<div  class=\"module module-text tb_zttx416   \" data-lazy=\"1\">\n        <div  class=\"tb_text_wrap\">\n        <p><a href=\"http:\/\/soundbreath.com.mx\/soundbreath\/facilitadoras\/margarita-castillo\/\"><img loading=\"lazy\" decoding=\"async\" class=\"aligncenter wp-image-619 \" src=\"https:\/\/soundbreath.com.mx\/soundbreath\/wp-content\/uploads\/2025\/11\/margarita-300x300.png\" alt=\"\" width=\"200\" height=\"200\" srcset=\"https:\/\/soundbreath.com.mx\/soundbreath\/wp-content\/uploads\/2025\/11\/margarita-300x300.png 300w, https:\/\/soundbreath.com.mx\/soundbreath\/wp-content\/uploads\/2025\/11\/margarita-150x150.png 150w, https:\/\/soundbreath.com.mx\/soundbreath\/wp-content\/uploads\/2025\/11\/margarita-768x768.png 768w, https:\/\/soundbreath.com.mx\/soundbreath\/wp-content\/uploads\/2025\/11\/margarita.png 950w\" sizes=\"auto, (max-width: 200px) 100vw, 200px\" \/><\/a><a href=\"http:\/\/soundbreath.com.mx\/soundbreath\/facilitadoras\/margarita-castillo\/\">Margarita Castillo<\/a><\/p>    <\/div>\n<\/div>\n<!-- \/module text -->        <\/div>\n                    <div  data-lazy=\"1\" class=\"module_column sub_column col3-1 tb_skj2416\">\n                    <!-- module text -->\n<div  class=\"module module-text tb_w763416   \" data-lazy=\"1\">\n        <div  class=\"tb_text_wrap\">\n        <p><a href=\"http:\/\/soundbreath.com.mx\/soundbreath\/facilitadoras\/daniela-orozco\/\"><img loading=\"lazy\" decoding=\"async\" class=\"alignnone size-full wp-image-426\" src=\"http:\/\/soundbreath.com.mx\/soundbreath\/wp-content\/uploads\/2017\/08\/DANIELA-1.png\" alt=\"\" width=\"191\" height=\"189\" \/><\/a><br \/>\n<a href=\"http:\/\/soundbreath.com.mx\/soundbreath\/facilitadoras\/daniela-orozco\/\">Daniela Orozco<\/a><\/p>\n    <\/div>\n<\/div>\n<!-- \/module text -->        <\/div>\n                    <div  data-lazy=\"1\" class=\"module_column sub_column col3-1 tb_f4mz416 last\">\n                    <!-- module text -->\n<div  class=\"module module-text tb_oo7i416   \" data-lazy=\"1\">\n        <div  class=\"tb_text_wrap\">\n        <p style=\"text-align: center;\"><a href=\"http:\/\/soundbreath.com.mx\/soundbreath\/facilitadoras\/tania-olivares\/\"><img loading=\"lazy\" decoding=\"async\" class=\"alignnone size-full wp-image-426\" src=\"http:\/\/soundbreath.com.mx\/soundbreath\/wp-content\/uploads\/2017\/08\/TANIA.png\" alt=\"\" width=\"191\" height=\"189\" \/><\/a><br \/><a href=\"http:\/\/soundbreath.com.mx\/soundbreath\/facilitadoras\/tania-olivares\/\">Tania Olivares<\/a><\/p>    <\/div>\n<\/div>\n<!-- \/module text -->        <\/div>\n                    <\/div>\n                <\/div>\n                        <\/div>\n        <\/div>\n                        <div  data-zoom-bg=\"desktop\" data-css_id=\"fd87f59\" data-lazy=\"1\" class=\"module_row themify_builder_row fullwidth tb_fd87f59 tf_w\">\n                        <div class=\"row_inner col_align_top tb_col_count_1 tf_box tf_rel\">\n                        <div  data-lazy=\"1\" class=\"module_column tb-column col-full tb_c57f026 first\">\n                            <div  data-lazy=\"1\" class=\"module_subrow themify_builder_sub_row tf_w col_align_middle tb_col_count_2 tb_c99b160\">\n                <div  data-lazy=\"1\" class=\"module_column sub_column col4-2 tb_ceb6d57 first\">\n                    <!-- module video -->\n<div  class=\"module module-video tb_i1cb327 video-overlay   wow\" data-tf-animation=\"slideInDown\" data-lazy=\"1\">\n                    <div class=\"video-wrap-outer\">\n            <div class=\"video-wrap tf_rel tf_overflow\">\n                                    <noscript><iframe data-no-script src=\"https:\/\/www.youtube.com\/embed\/eutmVZ31wKs?pip=1&#038;playsinline=1\" allow=\"accelerometer;encrypted-media;gyroscope;picture-in-picture;fullscreen\" class=\"tf_abs tf_w tf_h\"><\/iframe><\/noscript>\n                                <\/div>\n            <!-- \/video-wrap -->\n        <\/div>\n        <!-- \/video-wrap-outer -->\n            <\/div>\n        <\/div>\n                    <div  data-lazy=\"1\" class=\"module_column sub_column col4-2 tb_55a9807 last\">\n                    <!-- module video -->\n<div  class=\"module module-video tb_d444a9a video-overlay   wow\" data-tf-animation=\"slideInDown\" data-lazy=\"1\">\n                    <div class=\"video-wrap-outer\">\n            <div class=\"video-wrap tf_rel tf_overflow\">\n                                    <noscript><iframe data-no-script src=\"https:\/\/www.youtube.com\/embed\/mOvurcDpcCk?pip=1&#038;playsinline=1\" allow=\"accelerometer;encrypted-media;gyroscope;picture-in-picture;fullscreen\" class=\"tf_abs tf_w tf_h\"><\/iframe><\/noscript>\n                                <\/div>\n            <!-- \/video-wrap -->\n        <\/div>\n        <!-- \/video-wrap-outer -->\n            <\/div>\n        <\/div>\n                    <\/div>\n                <\/div>\n                        <\/div>\n        <\/div>\n                        <div  data-parallax-bg=\"desktop\" data-css_id=\"81504d7\" data-lazy=\"1\" class=\"module_row themify_builder_row fullwidth tb_81504d7 tf_w\">\n                        <div class=\"row_inner col_align_top tb_col_count_1 tf_box tf_rel\">\n                        <div  data-lazy=\"1\" class=\"module_column tb-column col-full tb_b3a7b86 first\">\n                    <!-- module text -->\n<div  class=\"module module-text tb_5246a36    wow\" data-tf-animation=\"slideInUp\" data-lazy=\"1\">\n        <div  class=\"tb_text_wrap\">\n        <h2 style=\"text-align: center;\"><strong>Nuestros Valores<\/strong><\/h2><p style=\"text-align: center;\"><strong>Salud, equilibrio, meditaci\u00f3n, serenidad, paz, calma, soluci\u00f3n, alivio,<\/strong><br \/><strong>apoyo, fraternidad, purificaci\u00f3n, amor,\u00a0<\/strong><br \/><strong>bienestar, paciencia, tolerancia.<\/strong><\/p>    <\/div>\n<\/div>\n<!-- \/module text -->        <\/div>\n                        <\/div>\n        <\/div>\n        <\/div>\n<!--\/themify_builder_content-->","protected":false},"excerpt":{"rendered":"<p>M\u00e9todo Soundbreath 100% eficaz para alcanzar el bienestar de tu cuerpof\u00edsico, emocional, mental y espiritual Resuelve las causas ra\u00edz de \u201ctragarte las emociones\u201dy la falta de auto-cuidadoAtraviesa tu trauma inconsciente de nacimientode una manera benigna y amorosa Fundadora Patricia Edelen Co-Fundadoras Lorna Blackmore Carmen Uruz Lorraine Krohnengold Margarita Castillo Daniela Orozco Tania Olivares Respira La [&hellip;]<\/p>\n","protected":false},"author":1,"featured_media":0,"parent":0,"menu_order":0,"comment_status":"closed","ping_status":"closed","template":"","meta":{"footnotes":""},"class_list":["post-290","page","type-page","status-publish","hentry","has-post-title","has-post-date","has-post-category","has-post-tag","has-post-comment","has-post-author",""],"jetpack_shortlink":"https:\/\/wp.me\/P5NbE4-4G","jetpack_sharing_enabled":true,"builder_content":"<h2 style=\"text-align: center;\">M\u00e9todo Soundbreath 100% eficaz<\/h2> <h5 style=\"text-align: center;\"><strong>para alcanzar el bienestar de tu cuerpo<\/strong><br><strong>f\u00edsico, emocional, mental y espiritual<\/strong><\/h5> <h5 style=\"text-align: center;\"><strong><br>Resuelve las causas ra\u00edz de \u201ctragarte las emociones\u201d<\/strong><br><strong>y la falta de auto-cuidado<\/strong><br><strong>Atraviesa tu trauma inconsciente de nacimiento<\/strong><br><strong>de una manera benigna y amorosa<\/strong><\/h5>\n<h2 style=\"text-align: center;\">Fundadora<\/h2>\n<p><a href=\"https:\/\/soundbreath.com.mx\/soundbreath\/fundadora\/\"><img loading=\"lazy\" decoding=\"async\" src=\"https:\/\/soundbreath.com.mx\/soundbreath\/wp-content\/uploads\/2025\/11\/trish-300x300.png\" alt=\"\" width=\"300\" height=\"300\" srcset=\"https:\/\/soundbreath.com.mx\/soundbreath\/wp-content\/uploads\/2025\/11\/trish-300x300.png 300w, https:\/\/soundbreath.com.mx\/soundbreath\/wp-content\/uploads\/2025\/11\/trish-150x150.png 150w, https:\/\/soundbreath.com.mx\/soundbreath\/wp-content\/uploads\/2025\/11\/trish.png 596w\" sizes=\"auto, (max-width: 300px) 100vw, 300px\" \/><\/a><br><a href=\"https:\/\/soundbreath.com.mx\/soundbreath\/fundadora\/\">Patricia Edelen<\/a><\/p>\n<h2 style=\"text-align: center;\">Co-Fundadoras<\/h2>\n<p style=\"text-align: center;\"><a href=\"http:\/\/soundbreath.com.mx\/soundbreath\/facilitadoras\/lorna-blackmore\/\"><img loading=\"lazy\" decoding=\"async\" src=\"http:\/\/soundbreath.com.mx\/soundbreath\/wp-content\/uploads\/2017\/08\/LORNA.png\" alt=\"\" width=\"187\" height=\"187\" srcset=\"https:\/\/soundbreath.com.mx\/soundbreath\/wp-content\/uploads\/2017\/08\/LORNA.png 187w, https:\/\/soundbreath.com.mx\/soundbreath\/wp-content\/uploads\/2017\/08\/LORNA-150x150.png 150w\" sizes=\"auto, (max-width: 187px) 100vw, 187px\" \/>Lorna Blackmore<\/a><\/p>\n<p style=\"text-align: center;\"><a href=\"http:\/\/soundbreath.com.mx\/soundbreath\/facilitadoras\/carmen-uruz\/\"><img loading=\"lazy\" decoding=\"async\" src=\"http:\/\/soundbreath.com.mx\/soundbreath\/wp-content\/uploads\/2017\/08\/CARMEN.png\" alt=\"\" width=\"188\" height=\"188\" srcset=\"https:\/\/soundbreath.com.mx\/soundbreath\/wp-content\/uploads\/2017\/08\/CARMEN.png 188w, https:\/\/soundbreath.com.mx\/soundbreath\/wp-content\/uploads\/2017\/08\/CARMEN-150x150.png 150w\" sizes=\"auto, (max-width: 188px) 100vw, 188px\" \/>Carmen Uruz<\/a><\/p>\n<p style=\"text-align: center;\"><a href=\"http:\/\/soundbreath.com.mx\/soundbreath\/facilitadoras\/lorraine-krohnengold\/\"><img loading=\"lazy\" decoding=\"async\" src=\"http:\/\/soundbreath.com.mx\/soundbreath\/wp-content\/uploads\/2017\/08\/LORRAINE.png\" alt=\"\" width=\"190\" height=\"189\" srcset=\"https:\/\/soundbreath.com.mx\/soundbreath\/wp-content\/uploads\/2017\/08\/LORRAINE.png 190w, https:\/\/soundbreath.com.mx\/soundbreath\/wp-content\/uploads\/2017\/08\/LORRAINE-150x150.png 150w\" sizes=\"auto, (max-width: 190px) 100vw, 190px\" \/>Lorraine Krohnengold<\/a><\/p>\n<p><a href=\"http:\/\/soundbreath.com.mx\/soundbreath\/facilitadoras\/margarita-castillo\/\"><img loading=\"lazy\" decoding=\"async\" src=\"https:\/\/soundbreath.com.mx\/soundbreath\/wp-content\/uploads\/2025\/11\/margarita-300x300.png\" alt=\"\" width=\"200\" height=\"200\" srcset=\"https:\/\/soundbreath.com.mx\/soundbreath\/wp-content\/uploads\/2025\/11\/margarita-300x300.png 300w, https:\/\/soundbreath.com.mx\/soundbreath\/wp-content\/uploads\/2025\/11\/margarita-150x150.png 150w, https:\/\/soundbreath.com.mx\/soundbreath\/wp-content\/uploads\/2025\/11\/margarita-768x768.png 768w, https:\/\/soundbreath.com.mx\/soundbreath\/wp-content\/uploads\/2025\/11\/margarita.png 950w\" sizes=\"auto, (max-width: 200px) 100vw, 200px\" \/><\/a><a href=\"http:\/\/soundbreath.com.mx\/soundbreath\/facilitadoras\/margarita-castillo\/\">Margarita Castillo<\/a><\/p>\n<p><a href=\"http:\/\/soundbreath.com.mx\/soundbreath\/facilitadoras\/daniela-orozco\/\"><img loading=\"lazy\" decoding=\"async\" src=\"http:\/\/soundbreath.com.mx\/soundbreath\/wp-content\/uploads\/2017\/08\/DANIELA-1.png\" alt=\"\" width=\"191\" height=\"189\" \/><\/a><br \/> <a href=\"http:\/\/soundbreath.com.mx\/soundbreath\/facilitadoras\/daniela-orozco\/\">Daniela Orozco<\/a><\/p>\n<p style=\"text-align: center;\"><a href=\"http:\/\/soundbreath.com.mx\/soundbreath\/facilitadoras\/tania-olivares\/\"><img loading=\"lazy\" decoding=\"async\" src=\"http:\/\/soundbreath.com.mx\/soundbreath\/wp-content\/uploads\/2017\/08\/TANIA.png\" alt=\"\" width=\"191\" height=\"189\" \/><\/a><br \/><a href=\"http:\/\/soundbreath.com.mx\/soundbreath\/facilitadoras\/tania-olivares\/\">Tania Olivares<\/a><\/p>\n<h3 style=\"text-align: center;\"><strong>Respira<\/strong><\/h3> <p style=\"text-align: center;\"><strong>La RESPIRACION es<br \/>la LLAVE de tu VIDA<\/strong><\/p> <h3 style=\"text-align: center;\"><strong>Entona y Resuelve<\/strong><\/h3> <h3><\/h3> <h3 style=\"text-align: center;\"><strong>Vibra<\/strong><\/h3> <p style=\"text-align: center;\"><strong>Descubre tu propia VIBRACI\u00d3N<br \/><\/strong><strong>Para SANARTE y RELAJARTE<\/strong><\/p> <h3 style=\"text-align: center;\"><strong>Renace<\/strong><\/h3> <p style=\"text-align: center;\"><strong>LIMPIA y PURIFICA tu SER<br \/><\/strong><strong>\u00a1VUELVE A NACER!<\/strong><\/p>\n<h3 style=\"text-align: center;\">\u00a1M\u00e1s de 15 a\u00f1os promoviendo la respiraci\u00f3n consciente en M\u00e9xico!<\/h3> <h5 style=\"text-align: center;\"><strong>Conoce la experiencia de respiraci\u00f3n consciente y sonido,<\/strong><br \/><strong>inscr\u00edbete a nuestros Talleres Soundbreath\u00ae.<\/strong><\/h5>\n<a href=\"http:\/\/soundbreath.com.mx\/soundbreath\/inscripcion-a-talleres\/\" data-zoom-config=\"650px|700px\"> Inscribirse <\/a>\n<img src=\"http:\/\/soundbreath.com.mx\/soundbreath\/wp-content\/uploads\/2017\/08\/shutterstock_131117906-web.jpg\" width=\"950\" height=\"200\" title=\"Principal\" alt=\"Principal\">\n[embed]https:\/\/www.youtube.com\/watch?v=eutmVZ31wKs[\/embed]\n[embed]https:\/\/www.youtube.com\/watch?v=mOvurcDpcCk[\/embed]\n<h2 style=\"text-align: center;\"><strong>Nuestros Valores<\/strong><\/h2><p style=\"text-align: center;\"><strong>Salud, equilibrio, meditaci\u00f3n, serenidad, paz, calma, soluci\u00f3n, alivio,<\/strong><br \/><strong>apoyo, fraternidad, purificaci\u00f3n, amor,\u00a0<\/strong><br \/><strong>bienestar, paciencia, tolerancia.<\/strong><\/p>","_links":{"self":[{"href":"https:\/\/soundbreath.com.mx\/soundbreath\/wp-json\/wp\/v2\/pages\/290","targetHints":{"allow":["GET"]}}],"collection":[{"href":"https:\/\/soundbreath.com.mx\/soundbreath\/wp-json\/wp\/v2\/pages"}],"about":[{"href":"https:\/\/soundbreath.com.mx\/soundbreath\/wp-json\/wp\/v2\/types\/page"}],"author":[{"embeddable":true,"href":"https:\/\/soundbreath.com.mx\/soundbreath\/wp-json\/wp\/v2\/users\/1"}],"replies":[{"embeddable":true,"href":"https:\/\/soundbreath.com.mx\/soundbreath\/wp-json\/wp\/v2\/comments?post=290"}],"version-history":[{"count":47,"href":"https:\/\/soundbreath.com.mx\/soundbreath\/wp-json\/wp\/v2\/pages\/290\/revisions"}],"predecessor-version":[{"id":710,"href":"https:\/\/soundbreath.com.mx\/soundbreath\/wp-json\/wp\/v2\/pages\/290\/revisions\/710"}],"wp:attachment":[{"href":"https:\/\/soundbreath.com.mx\/soundbreath\/wp-json\/wp\/v2\/media?parent=290"}],"curies":[{"name":"wp","href":"https:\/\/api.w.org\/{rel}","templated":true}]}}